{"id":764,"date":"2023-02-03T11:16:25","date_gmt":"2023-02-03T08:16:25","guid":{"rendered":"https:\/\/lambaterra.com\/?post_type=product&#038;p=764"},"modified":"2025-04-13T04:23:27","modified_gmt":"2025-04-13T01:23:27","slug":"mano","status":"publish","type":"product","link":"https:\/\/lambaterra.com\/tr\/urun\/mano\/","title":{"rendered":"MANO"},"content":{"rendered":"<p>MANO, evinizin herhangi bir odas\u0131 i\u00e7in m\u00fckemmel bir ayd\u0131nlatma \u00e7\u00f6z\u00fcm\u00fcd\u00fcr!<\/p>\n<p>Bu yenilik\u00e7i \u0131\u015f\u0131k, sadece s\u0131cak ve davetkar bir atmosfer sa\u011flamakla kalmaz, ayn\u0131 zamanda kitaplar\u0131n\u0131z\u0131 ve dergilerinizi de tutarak, herhangi bir kitapl\u0131k, masa veya yatak ba\u015f\u0131 masas\u0131na \u00e7ok y\u00f6nl\u00fc ve \u015f\u0131k bir ek yapar. \u015e\u0131k ve modern tasar\u0131m\u0131yla, MANO, herhangi bir dekor stilini tamamlayacak ve evinizde etkileyici bir g\u00f6r\u00fcn\u00fcm olu\u015fturacakt\u0131r.<\/p>\n<p>\u00d6yleyse neden bekliyorsunuz? MANO&#8217;yu hemen edinin ve mek\u00e2n\u0131n\u0131za biraz tarz ve i\u015flevsellik kat\u0131n!<\/p>\n","protected":false},"excerpt":{"rendered":"<p>Bir masa lambas\u0131 m\u0131 ar\u0131yorsunuz? Veya yatak odan\u0131z i\u00e7in s\u0131cak bir okuma lambas\u0131 m\u0131 istiyorsunuz?<\/p>\n<p>Endi\u015felenmeyin, MANO tam da ihtiyac\u0131n\u0131z olan \u015fey! Sadece bir \u0131\u015f\u0131k kayna\u011f\u0131 de\u011fil, ayn\u0131 zamanda kitap ve dergilerinizi de tutabilece\u011finiz bir masa lambas\u0131d\u0131r. \u0130ster \u00e7al\u0131\u015fma masan\u0131zda, ister yatak odan\u0131zda kullan\u0131n, MANO \u015f\u0131k ve modern tasar\u0131m\u0131 ile her ortama uyum sa\u011flar.<\/p>\n<p>Ayr\u0131ca, bu okuma lambas\u0131 sizi sadece ayd\u0131nlatmakla kalmaz, ayn\u0131 zamanda kitap okuma tutkunuzu da ayd\u0131nlat\u0131r. Bu nedenle, zihninizin ve gelece\u011finizin de \u0131\u015f\u0131\u011f\u0131 olabilir. Siz de hemen MANO&#8217;yu edinin ve evinizin atmosferine \u015f\u0131kl\u0131k ve i\u015flevsellik kat\u0131n!<\/p>\n","protected":false},"featured_media":860,"comment_status":"open","ping_status":"closed","template":"","meta":[],"product_cat":[78],"product_tag":[79,81,82],"class_list":{"0":"post-764","1":"product","2":"type-product","3":"status-publish","4":"has-post-thumbnail","6":"product_cat-genel","7":"product_tag-bedside-lamp-tr","8":"product_tag-reading-lamp-tr","9":"product_tag-table-lamp-tr","11":"first","12":"instock","13":"sale","14":"shipping-taxable","15":"purchasable","16":"product-type-simple"},"_links":{"self":[{"href":"https:\/\/lambaterra.com\/tr\/wp-json\/wp\/v2\/product\/764","targetHints":{"allow":["GET"]}}],"collection":[{"href":"https:\/\/lambaterra.com\/tr\/wp-json\/wp\/v2\/product"}],"about":[{"href":"https:\/\/lambaterra.com\/tr\/wp-json\/wp\/v2\/types\/product"}],"replies":[{"embeddable":true,"href":"https:\/\/lambaterra.com\/tr\/wp-json\/wp\/v2\/comments?post=764"}],"wp:featuredmedia":[{"embeddable":true,"href":"https:\/\/lambaterra.com\/tr\/wp-json\/wp\/v2\/media\/860"}],"wp:attachment":[{"href":"https:\/\/lambaterra.com\/tr\/wp-json\/wp\/v2\/media?parent=764"}],"wp:term":[{"taxonomy":"product_cat","embeddable":true,"href":"https:\/\/lambaterra.com\/tr\/wp-json\/wp\/v2\/product_cat?post=764"},{"taxonomy":"product_tag","embeddable":true,"href":"https:\/\/lambaterra.com\/tr\/wp-json\/wp\/v2\/product_tag?post=764"}],"curies":[{"name":"wp","href":"https:\/\/api.w.org\/{rel}","templated":true}]}}