{"id":763,"date":"2023-02-03T12:16:30","date_gmt":"2023-02-03T09:16:30","guid":{"rendered":"https:\/\/lambaterra.com\/?post_type=product&#038;p=763"},"modified":"2023-03-09T23:04:03","modified_gmt":"2023-03-09T20:04:03","slug":"dino","status":"publish","type":"product","link":"https:\/\/lambaterra.com\/tr\/urun\/dino\/","title":{"rendered":"DINO"},"content":{"rendered":"<p>Lambaterra&#8217;n\u0131n DINO \u0131\u015f\u0131\u011f\u0131 ile tarih \u00f6ncesi b\u00fcy\u00fcy\u00fc ortaya \u00e7\u0131karmaya haz\u0131r olun!<\/p>\n<p>Bu sevimli arkada\u015f dost\u00e7a g\u00f6r\u00fcnebilir ama oday\u0131 ayd\u0131nlatmak i\u00e7in yeterli enerjiye sahip.<\/p>\n<p>Farkl\u0131 ve e\u011flenceli tasar\u0131m\u0131yla DINO \u0131\u015f\u0131\u011f\u0131, dinozor sevenlerin ya da sadece e\u011flenceli bir ayd\u0131nlatma \u00e7\u00f6z\u00fcm\u00fc arayan herkesin evinde m\u00fckemmel bir se\u00e7enek. Kendini fosil gibi hissetme ve hemen bir DINO \u0131\u015f\u0131\u011f\u0131 edin!<\/p>\n","protected":false},"excerpt":{"rendered":"<p>Lambaterra&#8217;n\u0131n sevimli \u00fcyesi <strong>DINO<\/strong> ile zamanda yolculu\u011fa haz\u0131r olun!<\/p>\n<p>Bu k\u00fc\u00e7\u00fck dostumuz sadece bir masa lambas\u0131 de\u011fil, ayn\u0131 zamanda okuma lambas\u0131, yatak odas\u0131 lambas\u0131 ve her t\u00fcrl\u00fc ayd\u0131nlatma ihtiyac\u0131n\u0131z i\u00e7in de harika bir \u00e7\u00f6z\u00fcm sunuyor.<\/p>\n<p>DINO&#8217;nun ilgin\u00e7 ve esprili tasar\u0131m\u0131, herhangi bir mekan i\u00e7in m\u00fckemmel bir tamamlay\u0131c\u0131d\u0131r. Hem dinozor severler hem de s\u0131ra d\u0131\u015f\u0131 dekorasyonu sevenler i\u00e7in ideal bir se\u00e7imdir.<\/p>\n<p>DINO, hem evinizdeki atmosferi canland\u0131r\u0131rken, hem de g\u00f6zlerinizi yormadan okuma yapman\u0131z\u0131 sa\u011flar. Eski kli\u015felerden s\u0131k\u0131ld\u0131ysan\u0131z, DINO ile yepyeni bir ayd\u0131nlatma deneyimi ya\u015fay\u0131n! Hemen sipari\u015finizi verin ve evinizin havas\u0131n\u0131 de\u011fi\u015ftirin!<\/p>\n","protected":false},"featured_media":861,"comment_status":"open","ping_status":"closed","template":"","meta":[],"product_cat":[78],"product_tag":[79,81,82],"class_list":{"0":"post-763","1":"product","2":"type-product","3":"status-publish","4":"has-post-thumbnail","6":"product_cat-genel","7":"product_tag-bedside-lamp-tr","8":"product_tag-reading-lamp-tr","9":"product_tag-table-lamp-tr","11":"first","12":"instock","13":"sale","14":"shipping-taxable","15":"purchasable","16":"product-type-simple"},"_links":{"self":[{"href":"https:\/\/lambaterra.com\/tr\/wp-json\/wp\/v2\/product\/763","targetHints":{"allow":["GET"]}}],"collection":[{"href":"https:\/\/lambaterra.com\/tr\/wp-json\/wp\/v2\/product"}],"about":[{"href":"https:\/\/lambaterra.com\/tr\/wp-json\/wp\/v2\/types\/product"}],"replies":[{"embeddable":true,"href":"https:\/\/lambaterra.com\/tr\/wp-json\/wp\/v2\/comments?post=763"}],"wp:featuredmedia":[{"embeddable":true,"href":"https:\/\/lambaterra.com\/tr\/wp-json\/wp\/v2\/media\/861"}],"wp:attachment":[{"href":"https:\/\/lambaterra.com\/tr\/wp-json\/wp\/v2\/media?parent=763"}],"wp:term":[{"taxonomy":"product_cat","embeddable":true,"href":"https:\/\/lambaterra.com\/tr\/wp-json\/wp\/v2\/product_cat?post=763"},{"taxonomy":"product_tag","embeddable":true,"href":"https:\/\/lambaterra.com\/tr\/wp-json\/wp\/v2\/product_tag?post=763"}],"curies":[{"name":"wp","href":"https:\/\/api.w.org\/{rel}","templated":true}]}}