{"id":762,"date":"2023-02-03T12:28:00","date_gmt":"2023-02-03T09:28:00","guid":{"rendered":"https:\/\/lambaterra.com\/?post_type=product&#038;p=762"},"modified":"2023-03-09T23:21:32","modified_gmt":"2023-03-09T20:21:32","slug":"dogo","status":"publish","type":"product","link":"https:\/\/lambaterra.com\/tr\/urun\/dogo\/","title":{"rendered":"DOGO"},"content":{"rendered":"<p>DOGO ile tan\u0131\u015f\u0131n, her zaman e\u011flenceye haz\u0131r olan sevimli bir lamba!<\/p>\n<p>Bu oyuncu k\u00f6pek, sadece bir lambadan daha fazlas\u0131 \u2013 g\u00fcn\u00fcn\u00fcz\u00fc ayd\u0131nlatmak i\u00e7in her zaman sad\u0131k bir arkada\u015f. Sallanan kuyru\u011fu ve kulaklar\u0131 ile DOGO, biraz ekstra \u0131\u015f\u0131\u011fa (ve sevgiye) ihtiyac\u0131 olan herhangi bir odaya m\u00fckemmel bir katk\u0131d\u0131r.<\/p>\n<p>Kitap okurken, video oyunlar\u0131 oynarken veya sadece tak\u0131lmak i\u00e7in bir arkada\u015fa ihtiyac\u0131n\u0131z oldu\u011funda, DOGO her zaman \u0131\u015f\u0131ldamaya haz\u0131rd\u0131r. Yani, s\u0131radan bir lambayla yetinmek yerine DOGO gibi en iyi arkada\u015fa sahip olun! Hemen sat\u0131n al\u0131n! DOGO, masa lambas\u0131, okuma lambas\u0131, yatak odas\u0131 lambas\u0131 olarak kullan\u0131labilecek \u00e7ok y\u00f6nl\u00fc bir lambad\u0131r.<\/p>\n<p>Onun yarat\u0131c\u0131 ve sevimli tasar\u0131m\u0131 evinizin herhangi bir k\u00f6\u015fesinde harika g\u00f6r\u00fcnecektir. Siz de DOGO\u2019yu ke\u015ffedin ve evinize bir arkada\u015fl\u0131k ve e\u011flence kat\u0131n!<\/p>\n","protected":false},"excerpt":{"rendered":"<p>DOGO ile tan\u0131\u015f\u0131n! Her zaman e\u011flenceye haz\u0131r olan, \u015fap\u015fal sevimli bir \u0131\u015f\u0131k! Bu oyuncu k\u00f6pek sadece bir lamba de\u011fil, g\u00fcn\u00fcn\u00fc ayd\u0131nlatmak i\u00e7in her zaman yan\u0131nda olan sad\u0131k bir arkada\u015f.<\/p>\n<p>Sallanan kuyru\u011fu ve kulaklar\u0131yla, DOGO, biraz fazladan \u0131\u015f\u0131k (ve sevgi) ihtiyac\u0131 olan her odaya m\u00fckemmel bir eklem.<\/p>\n<p>Kitap okurken, video oyunu oynarken veya sadece tak\u0131lmak i\u00e7in bir dost ihtiyac\u0131n oldu\u011funda, DOGO her zaman \u0131\u015f\u0131k sa\u00e7maya haz\u0131r. Neden ba\u015fka bir s\u0131k\u0131c\u0131 bir \u0131\u015f\u0131kla yetinesin ki? Bug\u00fcn senin de bir DOGO\u2019n olabilir!<\/p>\n","protected":false},"featured_media":863,"comment_status":"open","ping_status":"closed","template":"","meta":[],"product_cat":[78],"product_tag":[79,80,81,82],"class_list":{"0":"post-762","1":"product","2":"type-product","3":"status-publish","4":"has-post-thumbnail","6":"product_cat-genel","7":"product_tag-bedside-lamp-tr","8":"product_tag-dog-lamp-tr","9":"product_tag-reading-lamp-tr","10":"product_tag-table-lamp-tr","12":"first","13":"instock","14":"sale","15":"shipping-taxable","16":"purchasable","17":"product-type-simple"},"_links":{"self":[{"href":"https:\/\/lambaterra.com\/tr\/wp-json\/wp\/v2\/product\/762","targetHints":{"allow":["GET"]}}],"collection":[{"href":"https:\/\/lambaterra.com\/tr\/wp-json\/wp\/v2\/product"}],"about":[{"href":"https:\/\/lambaterra.com\/tr\/wp-json\/wp\/v2\/types\/product"}],"replies":[{"embeddable":true,"href":"https:\/\/lambaterra.com\/tr\/wp-json\/wp\/v2\/comments?post=762"}],"wp:featuredmedia":[{"embeddable":true,"href":"https:\/\/lambaterra.com\/tr\/wp-json\/wp\/v2\/media\/863"}],"wp:attachment":[{"href":"https:\/\/lambaterra.com\/tr\/wp-json\/wp\/v2\/media?parent=762"}],"wp:term":[{"taxonomy":"product_cat","embeddable":true,"href":"https:\/\/lambaterra.com\/tr\/wp-json\/wp\/v2\/product_cat?post=762"},{"taxonomy":"product_tag","embeddable":true,"href":"https:\/\/lambaterra.com\/tr\/wp-json\/wp\/v2\/product_tag?post=762"}],"curies":[{"name":"wp","href":"https:\/\/api.w.org\/{rel}","templated":true}]}}