{"id":897,"date":"2022-09-12T08:39:21","date_gmt":"2022-09-12T05:39:21","guid":{"rendered":"https:\/\/lambaterra.com\/privacy-policy\/"},"modified":"2023-03-09T17:31:02","modified_gmt":"2023-03-09T14:31:02","slug":"gizlilik-politikasi","status":"publish","type":"page","link":"https:\/\/lambaterra.com\/tr\/gizlilik-politikasi\/","title":{"rendered":"Gizlilik Politikas\u0131"},"content":{"rendered":"[vc_row type=&#8221;in_container&#8221; full_screen_row_position=&#8221;middle&#8221; column_margin=&#8221;default&#8221; column_direction=&#8221;default&#8221; column_direction_tablet=&#8221;default&#8221; column_direction_phone=&#8221;default&#8221; scene_position=&#8221;center&#8221; text_color=&#8221;dark&#8221; text_align=&#8221;left&#8221; row_border_radius=&#8221;none&#8221; row_border_radius_applies=&#8221;bg&#8221; overflow=&#8221;visible&#8221; overlay_strength=&#8221;0.3&#8243; gradient_direction=&#8221;left_to_right&#8221; shape_divider_position=&#8221;bottom&#8221; bg_image_animation=&#8221;none&#8221;][vc_column column_padding=&#8221;no-extra-padding&#8221; column_padding_tablet=&#8221;inherit&#8221; column_padding_phone=&#8221;inherit&#8221; column_padding_position=&#8221;all&#8221; column_element_direction_desktop=&#8221;default&#8221; column_element_spacing=&#8221;default&#8221; desktop_text_alignment=&#8221;default&#8221; tablet_text_alignment=&#8221;default&#8221; phone_text_alignment=&#8221;default&#8221; background_color_opacity=&#8221;1&#8243; background_hover_color_opacity=&#8221;1&#8243; column_backdrop_filter=&#8221;none&#8221; column_shadow=&#8221;none&#8221; column_border_radius=&#8221;none&#8221; column_link_target=&#8221;_self&#8221; column_position=&#8221;default&#8221; gradient_direction=&#8221;left_to_right&#8221; overlay_strength=&#8221;0.3&#8243; width=&#8221;1\/1&#8243; tablet_width_inherit=&#8221;default&#8221; animation_type=&#8221;default&#8221; bg_image_animation=&#8221;none&#8221; border_type=&#8221;simple&#8221; column_border_width=&#8221;none&#8221; column_border_style=&#8221;solid&#8221;][vc_custom_heading source=&#8221;post_title&#8221;][\/vc_column][\/vc_row][vc_row type=&#8221;in_container&#8221; full_screen_row_position=&#8221;middle&#8221; column_margin=&#8221;default&#8221; column_direction=&#8221;default&#8221; column_direction_tablet=&#8221;default&#8221; column_direction_phone=&#8221;default&#8221; scene_position=&#8221;center&#8221; text_color=&#8221;dark&#8221; text_align=&#8221;left&#8221; row_border_radius=&#8221;none&#8221; row_border_radius_applies=&#8221;bg&#8221; overflow=&#8221;visible&#8221; overlay_strength=&#8221;0.3&#8243; gradient_direction=&#8221;left_to_right&#8221; shape_divider_position=&#8221;bottom&#8221; bg_image_animation=&#8221;none&#8221;][vc_column column_padding=&#8221;no-extra-padding&#8221; column_padding_tablet=&#8221;inherit&#8221; column_padding_phone=&#8221;inherit&#8221; column_padding_position=&#8221;all&#8221; column_element_direction_desktop=&#8221;default&#8221; column_element_spacing=&#8221;default&#8221; desktop_text_alignment=&#8221;default&#8221; tablet_text_alignment=&#8221;default&#8221; phone_text_alignment=&#8221;default&#8221; background_color_opacity=&#8221;1&#8243; background_hover_color_opacity=&#8221;1&#8243; column_backdrop_filter=&#8221;none&#8221; column_shadow=&#8221;none&#8221; column_border_radius=&#8221;none&#8221; column_link_target=&#8221;_self&#8221; column_position=&#8221;default&#8221; gradient_direction=&#8221;left_to_right&#8221; overlay_strength=&#8221;0.3&#8243; width=&#8221;1\/1&#8243; tablet_width_inherit=&#8221;default&#8221; animation_type=&#8221;default&#8221; bg_image_animation=&#8221;none&#8221; border_type=&#8221;simple&#8221; column_border_width=&#8221;none&#8221; column_border_style=&#8221;solid&#8221;][tabbed_section style=&#8221;default&#8221; tab_change_animation=&#8221;fade&#8221; alignment=&#8221;left&#8221; spacing=&#8221;default&#8221; tab_color=&#8221;Accent-Color&#8221; vs_content_animation=&#8221;fade&#8221; vs_link_animation=&#8221;opacity&#8221; vs_navigation_alignment=&#8221;left&#8221; vs_navigation_width_2=&#8221;25%&#8221; vs_navigation_func=&#8221;default&#8221; vs_navigation_width=&#8221;regular&#8221; vs_navigation_spacing=&#8221;15px&#8221; vs_navigation_mobile_display=&#8221;visible&#8221; vs_tab_spacing=&#8221;5%&#8221;][tab icon_family=&#8221;none&#8221; title=&#8221;English&#8221; id=&#8221;1675942871288-6&#8243; tab_id=&#8221;1675942871288-5&#8243;][vc_column_text]As the Lambaterra.com team, we are committed to complying with the following principles in order to provide a safer environment for our members.<\/p>\r\n<p>The information of our members-customers, as well as the contact information and other information they provide during their membership and\/or shopping, will be stored by us. can be recorded indefinitely for sales, product\/service fee-cost collections and various promotion-advertising, promotion, communication, sales-marketing and carding applications, can be stored, processed, shared and used when deemed necessary-places at Lambaterra.com and the specified organizations. .<\/p>\r\n<p>Receiving promotional and campaign e-mails will depend on your desire, if you do not want, campaign or promotional e-mails will not be sent to you. Our corporate website will allow you to make changes in this area later on.<\/p>\r\n<p>Only you can access and change the information you have entered while registering to the Lambaterra.com virtual shopping site. People other than you do not have the opportunity to view this data. To provide this security protocol, our company uses an international encryption standard called 128 bit SSL.<\/p>\r\n<p>While your credit card information is never requested when you become a member, it is never recorded in a data center. Credit card information is requested only during shopping, and this information is shared with the bank you work with in a highly secure manner only once in order to confirm and perform the shopping. The data about the credit card you use during your shopping is encrypted with 128bit SSL (Secure Sockets Layer) protocol, independent of our system, and sent to the relevant bank to confirm the accuracy of the information. Since no information about the card is viewed or recorded by us, 3rd parties are prevented from accessing this information.<\/p>\r\n<p>As Lambaterra.com, we undertake to fully fulfill the provisions of the &#8220;Law on the Protection of the Consumer No. 4077&#8221;.<\/p>\r\n<h4 class=\"wp-block-heading\">About Google Ad Practices<\/h4>\r\n<p>Lambaterra.com has the right to associate the behavior of the user on the site with a cookie in the browser, and to define remarketing lists based on metrics such as the number of pages viewed, the duration of the visit and the number of goal completions, in order to conduct remarketing with Google Analytics and Google Adwords tools.<\/p>\r\n<p>In this context, users who do not want their interests to be stored can cancel their advertising preferences by editing them. Advertising preferences of users will only be applied to the user&#8217;s browser on this computer. It will be reset when users delete their browser&#8217;s cookies.<\/p>\r\n<p>For users who want to opt out of Google Analytics, they can install the Google Analytics Opt-out Browser Add-on to their browser.<\/p>\r\n<p>In order to be able to remarket with the Google Analytics tool, the behavior of the user on the site is associated with a cookie in the browser. Remarketing lists defined in Google Analytics are automatically sent to Google AdWords. This user is then shown targeted advertising content based on their interests on the site or other sites in the Display Network.<\/p>\r\n<p>Ad content is targeted targeted at users&#8217; interests on other sites in the Display Network.<\/p>\r\n<p>First-party cookies (for example, Google Analytics cookie) and third-party cookies (for example, DoubleClick cookie), remarketing by Google Analytics, by third-party providers, including Google, to collect information about advertisements, optimize and deliver advertisements based on users&#8217; past visits to the website lists are created. Accordingly, targeted advertising content is displayed on the website or other sites in the Display Network, taking into account the visitor metrics and interests of the user.<\/p>\r\n<h4>Email Security<\/h4>\r\n<p>Never write down your credit card number or passwords regarding any of your orders in conversations and correspondence with our company. In particular, the information contained in the correspondence (e-mail) can be seen by third parties. As Lambaterra.com, we are not responsible for the security of the information transmitted from your e-mails.<\/p>\r\n<p>Lampterra.com cannot be held responsible for any damages incurred by the consumer due to non-compliance with the above-mentioned points.<\/p>\r\n[\/vc_column_text][\/tab][tab icon_family=&#8221;none&#8221; title=&#8221;T\u00fcrk\u00e7e&#8221; id=&#8221;1675942871296-5&#8243; tab_id=&#8221;1675942871297-6&#8243;][vc_column_text]\r\n<p>Lambaterra.com ekibi olarak \u00fcyelerimize daha g\u00fcvenli bir ortam sa\u011flamak i\u00e7in a\u015fa\u011f\u0131daki ilkelere uymay\u0131 taahh\u00fct ediyoruz.<\/p>\r\n<p>\u00dcyelerimizin-m\u00fc\u015fterilerimizin bilgileri, \u00fcyelik ve\/veya al\u0131\u015fveri\u015fleri s\u0131ras\u0131nda verdikleri ileti\u015fim bilgileri ve sair bilgiler taraf\u0131m\u0131zca saklanacakt\u0131r. sat\u0131\u015f, \u00fcr\u00fcn\/hizmet \u00fccret-maliyet tahsilatlar\u0131 ve \u00e7e\u015fitli tan\u0131t\u0131m-reklam, tan\u0131t\u0131m, ileti\u015fim, sat\u0131\u015f-pazarlama ve kartlama uygulamalar\u0131 i\u00e7in s\u00fcresiz olarak kaydedilebilir, saklanabilir, i\u015flenebilir, gerekli g\u00f6r\u00fcld\u00fc\u011f\u00fcnde payla\u015f\u0131labilir ve Lambaterra.com ve belirtilen kurulu\u015flar. .<\/p>\r\n<p>Tan\u0131t\u0131m ve kampanya e-postalar\u0131n\u0131n al\u0131nmas\u0131 iste\u011finize ba\u011fl\u0131 olacakt\u0131r, istemezseniz taraf\u0131n\u0131za kampanya veya tan\u0131t\u0131m e-postalar\u0131 g\u00f6nderilmeyecektir. Kurumsal web sitemiz bu alanda daha sonra de\u011fi\u015fiklik yapman\u0131z\u0131 sa\u011flayacakt\u0131r.<\/p>\r\n<p>Lambaterra.com sanal al\u0131\u015fveri\u015f sitesine \u00fcye olurken girmi\u015f oldu\u011funuz bilgilere sadece siz ula\u015fabilir ve de\u011fi\u015ftirebilirsiniz. Sizden ba\u015fka ki\u015filerin bu verileri g\u00f6rme imkan\u0131 yoktur. \u015eirketimiz bu g\u00fcvenlik protokol\u00fcn\u00fc sa\u011flamak i\u00e7in 128 bit SSL ad\u0131 verilen uluslararas\u0131 bir \u015fifreleme standard\u0131 kullanmaktad\u0131r.<\/p>\r\n<p>\u00dcye olurken kredi kart\u0131 bilgileriniz kesinlikle istenmemekle birlikte hi\u00e7bir \u015fekilde bir veri merkezinde kay\u0131t alt\u0131na al\u0131nmamaktad\u0131r. Kredi kart\u0131 bilgileri sadece al\u0131\u015fveri\u015f s\u0131ras\u0131nda istenmekte olup, bu bilgiler al\u0131\u015fveri\u015fin onaylanmas\u0131 ve ger\u00e7ekle\u015ftirilmesi i\u00e7in yaln\u0131zca bir kez y\u00fcksek g\u00fcvenlikli bir \u015fekilde \u00e7al\u0131\u015ft\u0131\u011f\u0131n\u0131z banka ile payla\u015f\u0131lmaktad\u0131r. Al\u0131\u015fveri\u015finiz s\u0131ras\u0131nda kulland\u0131\u011f\u0131n\u0131z kredi kart\u0131 ile ilgili veriler, sistemimizden ba\u011f\u0131ms\u0131z olarak 128bit SSL (Secure Sockets Layer) protokol\u00fc ile \u015fifrelenip, bilgilerin do\u011frulu\u011funun teyit edilmesi amac\u0131yla ilgili bankaya iletilmektedir. Kartla ilgili hi\u00e7bir bilgi taraf\u0131m\u0131zca g\u00f6r\u00fcnt\u00fclenmedi\u011fi ve kaydedilmedi\u011fi i\u00e7in 3. \u015fah\u0131slar\u0131n bu bilgilere ula\u015fmas\u0131 engellenmektedir.<\/p>\r\n<p>Lambaterra.com olarak \u201c4077 Say\u0131l\u0131 T\u00fcketicinin Korunmas\u0131 Hakk\u0131nda Kanun\u201d h\u00fck\u00fcmlerini eksiksiz olarak yerine getirece\u011fimizi taahh\u00fct ederiz.<\/p>\r\n<h4>Google Reklam Uygulamalar\u0131 Hakk\u0131nda<\/h4>\r\n<p>Lambaterra.com, kullan\u0131c\u0131n\u0131n sitedeki davran\u0131\u015f\u0131n\u0131 taray\u0131c\u0131daki bir \u00e7erez ile ili\u015fkilendirme ve g\u00f6r\u00fcnt\u00fclenen sayfa say\u0131s\u0131, ziyaret s\u00fcresi ve hedef tamamlama say\u0131s\u0131 gibi metriklere dayal\u0131 yeniden pazarlama listeleri tan\u0131mlama hakk\u0131na sahiptir. , Google Analytics ve Google Adwords ara\u00e7lar\u0131 ile yeniden pazarlama yapmak i\u00e7in.<\/p>\r\n<p>Bu kapsamda ilgi alanlar\u0131n\u0131n saklanmas\u0131n\u0131 istemeyen kullan\u0131c\u0131lar reklam tercihlerini d\u00fczenleyerek iptal edebilirler. Kullan\u0131c\u0131lar\u0131n reklam tercihleri sadece bu bilgisayarda kullan\u0131c\u0131n\u0131n taray\u0131c\u0131s\u0131na uygulanacakt\u0131r. Kullan\u0131c\u0131lar taray\u0131c\u0131lar\u0131n\u0131n \u00e7erezlerini sildi\u011finde s\u0131f\u0131rlanacakt\u0131r.<\/p>\r\n<p>Google Analytics kapsam\u0131 d\u0131\u015f\u0131nda kalmak isteyen kullan\u0131c\u0131lar, taray\u0131c\u0131lar\u0131na Google Analytics Kapsam\u0131 D\u0131\u015f\u0131nda Kalma Taray\u0131c\u0131 Eklentisini y\u00fckleyebilirler.<\/p>\r\n<p>Google Analytics arac\u0131 ile yeniden pazarlama yapabilmek i\u00e7in kullan\u0131c\u0131n\u0131n sitedeki davran\u0131\u015flar\u0131 taray\u0131c\u0131da bir \u00e7erez ile ili\u015fkilendirilir. Google Analytics&#8217;te tan\u0131mlanan yeniden pazarlama listeleri otomatik olarak Google AdWords&#8217;e g\u00f6nderilir. Bu kullan\u0131c\u0131ya daha sonra sitede veya G\u00f6r\u00fcnt\u00fcl\u00fc Reklam A\u011f\u0131&#8217;ndaki di\u011fer sitelerde ilgi alanlar\u0131na g\u00f6re hedeflenmi\u015f reklam i\u00e7eri\u011fi g\u00f6sterilir.<\/p>\r\n<p>Reklam i\u00e7eri\u011fi, G\u00f6r\u00fcnt\u00fcl\u00fc Reklam A\u011f\u0131&#8217;ndaki di\u011fer sitelerde kullan\u0131c\u0131lar\u0131n ilgi alanlar\u0131na g\u00f6re hedeflenir.<\/p>\r\n<p>Birinci taraf \u00e7erezleri (\u00f6rne\u011fin, Google Analytics \u00e7erezi) ve \u00fc\u00e7\u00fcnc\u00fc taraf \u00e7erezleri (\u00f6rne\u011fin, DoubleClick \u00e7erezi), Google dahil \u00fc\u00e7\u00fcnc\u00fc taraf sa\u011flay\u0131c\u0131lar taraf\u0131ndan Google Analytics taraf\u0131ndan yeniden pazarlama, reklamlar hakk\u0131nda bilgi toplamak, reklamlar\u0131 optimize etmek ve sunmak i\u00e7in kullan\u0131c\u0131lar\u0131n web sitesini ge\u00e7mi\u015f ziyaretlerinde listeler olu\u015fturulur. Buna g\u00f6re, web sitesinde veya G\u00f6r\u00fcnt\u00fcl\u00fc Reklam A\u011f\u0131&#8217;ndaki di\u011fer sitelerde, kullan\u0131c\u0131n\u0131n ziyaret\u00e7i metrikleri ve ilgi alanlar\u0131 dikkate al\u0131narak hedeflenen reklam i\u00e7eri\u011fi g\u00f6sterilir.<\/p>\r\n<h4>E-posta G\u00fcvenli\u011fi<\/h4>\r\n<p>\u015eirketimiz ile yapaca\u011f\u0131n\u0131z g\u00f6r\u00fc\u015fmelerde ve yaz\u0131\u015fmalarda hi\u00e7bir sipari\u015finize ili\u015fkin kredi kart\u0131 numaran\u0131z\u0131 veya \u015fifrelerinizi yazmay\u0131n\u0131z. \u00d6zellikle yaz\u0131\u015fmalarda (e-posta) yer alan bilgiler \u00fc\u00e7\u00fcnc\u00fc \u015fah\u0131slar taraf\u0131ndan g\u00f6r\u00fclebilir. Lambaterra.com olarak e-postalar\u0131n\u0131zdan iletilen bilgilerin g\u00fcvenli\u011finden sorumlu de\u011filiz.<\/p>\r\n<p>Yukar\u0131da belirtilen hususlara uyulmamas\u0131 nedeniyle t\u00fcketicinin u\u011frayaca\u011f\u0131 zararlardan Lampterra.com sorumlu tutulamaz.<\/p>\r\n[\/vc_column_text][\/tab][\/tabbed_section][\/vc_column][\/vc_row]","protected":false},"excerpt":{"rendered":"<p>[vc_row type=&#8221;in_container&#8221; full_screen_row_position=&#8221;middle&#8221; column_margin=&#8221;default&#8221; column_direction=&#8221;default&#8221; column_direction_tablet=&#8221;default&#8221; column_direction_phone=&#8221;default&#8221; scene_position=&#8221;center&#8221; text_color=&#8221;dark&#8221; text_align=&#8221;left&#8221; row_border_radius=&#8221;none&#8221; row_border_radius_applies=&#8221;bg&#8221; overflow=&#8221;visible&#8221; overlay_strength=&#8221;0.3&#8243; gradient_direction=&#8221;left_to_right&#8221; shape_divider_position=&#8221;bottom&#8221; bg_image_animation=&#8221;none&#8221;][vc_column column_padding=&#8221;no-extra-padding&#8221; column_padding_tablet=&#8221;inherit&#8221; column_padding_phone=&#8221;inherit&#8221; column_padding_position=&#8221;all&#8221; column_element_direction_desktop=&#8221;default&#8221; column_element_spacing=&#8221;default&#8221; desktop_text_alignment=&#8221;default&#8221; tablet_text_alignment=&#8221;default&#8221; phone_text_alignment=&#8221;default&#8221; background_color_opacity=&#8221;1&#8243; background_hover_color_opacity=&#8221;1&#8243; column_backdrop_filter=&#8221;none&#8221; column_shadow=&#8221;none&#8221;&#8230;<\/p>\n","protected":false},"author":1,"featured_media":0,"parent":0,"menu_order":0,"comment_status":"closed","ping_status":"open","template":"","meta":{"footnotes":""},"class_list":["post-897","page","type-page","status-publish"],"_links":{"self":[{"href":"https:\/\/lambaterra.com\/tr\/wp-json\/wp\/v2\/pages\/897","targetHints":{"allow":["GET"]}}],"collection":[{"href":"https:\/\/lambaterra.com\/tr\/wp-json\/wp\/v2\/pages"}],"about":[{"href":"https:\/\/lambaterra.com\/tr\/wp-json\/wp\/v2\/types\/page"}],"author":[{"embeddable":true,"href":"https:\/\/lambaterra.com\/tr\/wp-json\/wp\/v2\/users\/1"}],"replies":[{"embeddable":true,"href":"https:\/\/lambaterra.com\/tr\/wp-json\/wp\/v2\/comments?post=897"}],"version-history":[{"count":1,"href":"https:\/\/lambaterra.com\/tr\/wp-json\/wp\/v2\/pages\/897\/revisions"}],"predecessor-version":[{"id":903,"href":"https:\/\/lambaterra.com\/tr\/wp-json\/wp\/v2\/pages\/897\/revisions\/903"}],"wp:attachment":[{"href":"https:\/\/lambaterra.com\/tr\/wp-json\/wp\/v2\/media?parent=897"}],"curies":[{"name":"wp","href":"https:\/\/api.w.org\/{rel}","templated":true}]}}